{"id":177,"date":"2016-10-12T23:50:15","date_gmt":"2016-10-12T21:50:15","guid":{"rendered":"http:\/\/ratena.lt\/ru\/pradinis\/"},"modified":"2017-09-06T09:19:04","modified_gmt":"2017-09-06T07:19:04","slug":"pradinis","status":"publish","type":"page","link":"https:\/\/ratena.lt\/ru\/","title":{"rendered":"Pradinis"},"content":{"rendered":"<section class=\"l-section wpb_row height_auto width_full\" id=\"pradinis\"><div class=\"l-section-h i-cf\"><div class=\"g-cols vc_row type_default valign_top\"><div class=\"vc_col-sm-12 wpb_column vc_column_container\"><div class=\"vc_column-inner\"><div class=\"wpb_wrapper\">[rev_slider_vc alias=&#8221;lentpjuve-ru&#8221;]<\/div><\/div><\/div><\/div><\/div><\/section><section class=\"l-section wpb_row height_medium\" id=\"apiemus\"><div class=\"l-section-h i-cf\"><div class=\"g-cols vc_row type_default valign_top\"><div class=\"vc_col-sm-12 wpb_column vc_column_container\"><div class=\"vc_column-inner\"><div class=\"wpb_wrapper\">\r\n\t<div class=\"wpb_text_column \">\r\n\t\t<div class=\"wpb_wrapper\">\r\n\t\t\t<h2 style=\"text-align: center;\">O HAC<\/h2>\n\r\n\t\t<\/div>\r\n\t<\/div>\r\n<div class=\"w-separator type_short size_medium thick_1 style_solid color_border cont_icon\"><span class=\"w-separator-h\"><i class=\"fa fa-angle-down\"><\/i><\/span><\/div><div class=\"g-cols wpb_row type_default valign_top vc_inner  vc_custom_1476295443222\"><div class=\"vc_col-sm-12 wpb_column vc_column_container\"><div class=\"vc_column-inner\"><div class=\"wpb_wrapper\">\r\n\t<div class=\"wpb_text_column \">\r\n\t\t<div class=\"wpb_wrapper\">\r\n\t\t\t<p style=\"text-align: center;\">\u00a0\u0417\u0410\u041e &#8220;\u0420\u0430\u0442\u0435\u043d\u0430&#8221; \u0437\u0430\u043d\u0438\u043c\u0430\u0435\u0442\u0441\u044f \u0434\u0435\u044f\u0442\u0435\u043b\u044c\u043d\u043e\u0441\u0442\u044c\u044e \u0432 \u0441\u0444\u0435\u0440\u0435 \u043e\u0431\u0440\u0430\u0431\u043e\u0442\u043a\u0438 \u0434\u0440\u0435\u0432\u0435\u0441\u0438\u043d\u044b \u0441 2000 \u0433. (\u0441\u043d\u0430\u0447\u0430\u043b\u0430 \u0432 \u0432\u0438\u0434\u0435 \u0438\u043d\u0434\u0438\u0432\u0438\u0434\u0443\u0430\u043b\u044c\u043d\u043e\u0433\u043e \u043f\u0440\u0435\u0434\u043f\u0440\u0438\u044f\u0442\u0438\u044f, \u0441 2012 \u0433. \u0432 \u0432\u0438\u0434\u0435 \u0417\u0410\u041e &#8220;\u0420\u0430\u0442\u0435\u043d\u0430&#8221;). \u041f\u0440\u0435\u0434\u043f\u0440\u0438\u044f\u0442\u0438\u0435 \u043d\u0430\u0445\u043e\u0434\u0438\u0442\u0441\u044f \u0432 \u0410\u043b\u0438\u0442\u0443\u0441\u0441\u043a\u043e\u043c \u0440\u0430\u0439\u043e\u043d\u0435, \u0433\u043e\u0440\u043e\u0434\u043e\u043a \u0410\u043b\u043e\u0432\u0435. \u0412 \u0442\u0435\u0447\u0435\u043d\u0438\u0435 \u043d\u0435\u0441\u043a\u043e\u043b\u044c\u043a\u0438\u0445 \u043b\u0435\u0442 \u043f\u0440\u0435\u0434\u043f\u0440\u0438\u044f\u0442\u0438\u0435 \u043d\u0430\u043a\u043e\u043f\u0438\u043b\u043e \u0431\u043e\u043b\u044c\u0448\u043e\u0439 \u043e\u043f\u044b\u0442 \u0432 \u0441\u0444\u0435\u0440\u0435 \u043b\u0435\u0441\u043e\u043f\u0438\u043b\u0435\u043d\u0438\u044f. \u0411\u043b\u0430\u0433\u043e\u0434\u0430\u0440\u044f \u043e\u043f\u044b\u0442\u043d\u044b\u043c \u0438 \u043f\u0440\u043e\u0444\u0435\u0441\u0441\u0438\u043e\u043d\u0430\u043b\u044c\u043d\u044b\u043c \u0441\u043e\u0442\u0440\u0443\u0434\u043d\u0438\u043a\u0430\u043c, \u043f\u0440\u0438\u043d\u0438\u043c\u0430\u044f \u0432\u043e \u0432\u043d\u0438\u043c\u0430\u043d\u0438\u0435 \u043f\u043e\u0436\u0435\u043b\u0430\u043d\u0438\u044f \u043a\u043b\u0438\u0435\u043d\u0442\u043e\u0432, \u043c\u044b \u0432\u044b\u043f\u043e\u043b\u043d\u044f\u0435\u043c \u0432\u0441\u0435 \u0437\u0430\u043a\u0430\u0437\u044b \u043a\u0430\u0447\u0435\u0441\u0442\u0432\u0435\u043d\u043d\u043e \u0438 \u0432\u043e\u0432\u0440\u0435\u043c\u044f.<\/p>\n\r\n\t\t<\/div>\r\n\t<\/div>\r\n<\/div><\/div><\/div><\/div><\/div><\/div><\/div><\/div><\/div><\/section><section class=\"l-section wpb_row height_small\" id=\"paslaugos\"><div class=\"l-section-h i-cf\"><div class=\"g-cols vc_row type_default valign_top\"><div class=\"vc_col-sm-12 wpb_column vc_column_container\"><div class=\"vc_column-inner\"><div class=\"wpb_wrapper\">\r\n\t<div class=\"wpb_text_column \">\r\n\t\t<div class=\"wpb_wrapper\">\r\n\t\t\t<h2 style=\"text-align: center;\">\u0423\u0421\u041b\u0423\u0413\u0418<\/h2>\n\r\n\t\t<\/div>\r\n\t<\/div>\r\n<div class=\"w-separator type_short size_medium thick_1 style_solid color_border cont_icon\"><span class=\"w-separator-h\"><i class=\"fa fa-angle-down\"><\/i><\/span><\/div><div class=\"g-cols wpb_row type_default valign_top vc_inner \"><div class=\"vc_col-sm-3 wpb_column vc_column_container\"><div class=\"vc_column-inner\"><div class=\"wpb_wrapper\"><div class=\"w-image align_center\"><div class=\"w-image-h\"><img fetchpriority=\"high\" decoding=\"async\" width=\"425\" height=\"282\" src=\"https:\/\/ratena.lt\/wp-content\/uploads\/2016\/10\/medienos-pjovimas-alytus2.jpg\" class=\"attachment-full size-full\" alt=\"\" srcset=\"https:\/\/ratena.lt\/wp-content\/uploads\/2016\/10\/medienos-pjovimas-alytus2.jpg 425w, https:\/\/ratena.lt\/wp-content\/uploads\/2016\/10\/medienos-pjovimas-alytus2-300x199.jpg 300w\" sizes=\"(max-width: 425px) 100vw, 425px\" \/><\/div><\/div><div class=\"w-separator type_invisible size_small thick_1 style_solid color_border cont_none\"><span class=\"w-separator-h\"><\/span><\/div>\r\n\t<div class=\"wpb_text_column \">\r\n\t\t<div class=\"wpb_wrapper\">\r\n\t\t\t<h4>\u041f\u0438\u043b\u0438\u043c \u0434\u0440\u0435\u0432\u0435\u0441\u0438\u043d\u0443<\/h4>\n<p>\u0411\u044b\u0441\u0442\u0440\u043e \u0438 \u043a\u0430\u0447\u0435\u0441\u0442\u0432\u0435\u043d\u043d\u043e \u043f\u0438\u043b\u0438\u043c \u0438 \u043f\u0440\u043e\u0434\u0430\u0435\u043c \u0434\u0440\u0435\u0432\u0435\u0441\u0438\u043d\u0443, \u043f\u043e\u0434\u0445\u043e\u0434\u044f\u0449\u0443\u044e \u0434\u043b\u044f \u0441\u0442\u0440\u043e\u0438\u0442\u0435\u043b\u044c\u0441\u0442\u0432\u0430, \u0440\u0435\u043d\u043e\u0432\u0430\u0446\u0438\u0438 \u0438\u043b\u0438 \u043e\u0431\u043b\u0438\u0446\u043e\u0432\u043a\u0438, \u0442\u0430\u043a\u0436\u0435 \u043f\u043e\u0434\u0445\u043e\u0434\u044f\u0449\u0443\u044e \u0434\u043b\u044f \u0438\u0437\u0433\u043e\u0442\u043e\u0432\u043b\u0435\u043d\u0438\u044f \u043c\u0435\u0431\u0435\u043b\u0438. <\/p>\n\r\n\t\t<\/div>\r\n\t<\/div>\r\n<\/div><\/div><\/div><div class=\"vc_col-sm-3 wpb_column vc_column_container\"><div class=\"vc_column-inner\"><div class=\"wpb_wrapper\"><div class=\"w-image align_center\"><div class=\"w-image-h\"><img decoding=\"async\" width=\"425\" height=\"282\" src=\"https:\/\/ratena.lt\/wp-content\/uploads\/2016\/10\/malkos.jpg\" class=\"attachment-full size-full\" alt=\"\" srcset=\"https:\/\/ratena.lt\/wp-content\/uploads\/2016\/10\/malkos.jpg 425w, https:\/\/ratena.lt\/wp-content\/uploads\/2016\/10\/malkos-300x199.jpg 300w\" sizes=\"(max-width: 425px) 100vw, 425px\" \/><\/div><\/div><div class=\"w-separator type_invisible size_small thick_1 style_solid color_border cont_none\"><span class=\"w-separator-h\"><\/span><\/div>\r\n\t<div class=\"wpb_text_column \">\r\n\t\t<div class=\"wpb_wrapper\">\r\n\t\t\t<h4>\u0414\u0440\u043e\u0432\u044f\u043d\u0430\u044f \u0434\u0440\u0435\u0432\u0435\u0441\u0438\u043d\u0430<\/h4>\n<p>\u041f\u0440\u043e\u0434\u0430\u0435\u043c \u043a\u0430\u0447\u0435\u0441\u0442\u0432\u0435\u043d\u043d\u044b\u0435 \u043e\u0442\u0440\u0435\u0437\u043a\u0438 \u0434\u0440\u0435\u0432\u0435\u0441\u0438\u043d\u044b, \u0442\u0430\u043a\u0436\u0435 \u0446\u0438\u043b\u0438\u043d\u0434\u0440\u0438\u0447\u0435\u0441\u043a\u0438\u0435 \u0438 \u0440\u0443\u0431\u043b\u0435\u043d\u043d\u044b\u0435 \u0434\u0440\u043e\u0432\u0430, \u043a\u043e\u0442\u043e\u0440\u044b\u0435 \u043f\u043e\u0434\u0445\u043e\u0434\u044f\u0442 \u0434\u043b\u044f \u0441\u043e\u0437\u0434\u0430\u043d\u0438\u044f \u0442\u0435\u043f\u043b\u0430 \u0438 \u0443\u044e\u0442\u0430 \u0432\u0430\u0448\u0435\u0433\u043e \u0434\u043e\u043c\u0430.<\/p>\n\r\n\t\t<\/div>\r\n\t<\/div>\r\n<\/div><\/div><\/div><div class=\"vc_col-sm-3 wpb_column vc_column_container\"><div class=\"vc_column-inner\"><div class=\"wpb_wrapper\"><div class=\"w-image align_center\"><div class=\"w-image-h\"><img decoding=\"async\" width=\"425\" height=\"285\" src=\"https:\/\/ratena.lt\/wp-content\/uploads\/2016\/10\/62.jpg\" class=\"attachment-full size-full\" alt=\"\" srcset=\"https:\/\/ratena.lt\/wp-content\/uploads\/2016\/10\/62.jpg 425w, https:\/\/ratena.lt\/wp-content\/uploads\/2016\/10\/62-300x201.jpg 300w\" sizes=\"(max-width: 425px) 100vw, 425px\" \/><\/div><\/div><div class=\"w-separator type_invisible size_small thick_1 style_solid color_border cont_none\"><span class=\"w-separator-h\"><\/span><\/div>\r\n\t<div class=\"wpb_text_column \">\r\n\t\t<div class=\"wpb_wrapper\">\r\n\t\t\t<h4>\u0421\u043a\u0443\u043f\u0430\u0435\u043c \u0434\u0440\u0435\u0432\u0435\u0441\u0438\u043d\u0443<\/h4>\n<p>\u041f\u043e\u0441\u0442\u043e\u044f\u043d\u043d\u043e \u0441\u043a\u0443\u043f\u0430\u0435\u043c \u0431\u0440\u0435\u0432\u043d\u0430 \u0445\u0432\u043e\u0439\u043d\u044b\u0445 \u0434\u0435\u0440\u0435\u0432\u044c\u0435\u0432 \u0438 \u043b\u0435\u0441. \u0420\u0430\u0441\u0441\u0447\u0435\u0442 \u043f\u0440\u0435\u0434\u043b\u0430\u0433\u0430\u0435\u043c \u043d\u0430 \u043e\u0447\u0435\u043d\u044c \u0432\u044b\u0433\u043e\u0434\u043d\u044b\u0445 \u0434\u043b\u044f \u0412\u0430\u0441 \u0443\u0441\u043b\u043e\u0432\u0438\u044f\u0445. <\/p>\n\r\n\t\t<\/div>\r\n\t<\/div>\r\n<\/div><\/div><\/div><div class=\"vc_col-sm-3 wpb_column vc_column_container\"><div class=\"vc_column-inner\"><div class=\"wpb_wrapper\"><div class=\"w-image align_center\"><div class=\"w-image-h\"><img loading=\"lazy\" decoding=\"async\" width=\"425\" height=\"282\" src=\"https:\/\/ratena.lt\/wp-content\/uploads\/2016\/10\/medinos-pjovimas-alytus.jpg\" class=\"attachment-full size-full\" alt=\"\" srcset=\"https:\/\/ratena.lt\/wp-content\/uploads\/2016\/10\/medinos-pjovimas-alytus.jpg 425w, https:\/\/ratena.lt\/wp-content\/uploads\/2016\/10\/medinos-pjovimas-alytus-300x199.jpg 300w\" sizes=\"(max-width: 425px) 100vw, 425px\" \/><\/div><\/div><div class=\"w-separator type_invisible size_small thick_1 style_solid color_border cont_none\"><span class=\"w-separator-h\"><\/span><\/div>\r\n\t<div class=\"wpb_text_column \">\r\n\t\t<div class=\"wpb_wrapper\">\r\n\t\t\t<h4>\u0421\u043f\u0435\u0446\u0438\u0430\u043b\u044c\u043d\u044b\u0435 \u0437\u0430\u043a\u0430\u0437\u044b<\/h4>\n<p>\u0423\u0441\u043b\u0443\u0433\u0430 \u0440\u0435\u0437\u043a\u0438 \u0434\u0440\u0435\u0432\u0435\u0441\u0438\u043d\u044b. \u0418\u0437 \u043f\u0440\u0435\u0434\u043e\u0441\u0442\u0430\u0432\u043b\u0435\u043d\u043d\u043e\u0439 \u0437\u0430\u043a\u0430\u0437\u0447\u0438\u043a\u043e\u043c \u0434\u0440\u0435\u0432\u0435\u0441\u0438\u043d\u044b \u0445\u0432\u043e\u0439\u043d\u044b\u0445 \u0438\u043b\u0438 \u043b\u0438\u0441\u0442\u0432\u0435\u043d\u043d\u044b\u0445 \u0434\u0435\u0440\u0435\u0432\u044c\u0435\u0432 \u0432\u044b\u0440\u0435\u0437\u0430\u0435\u043c \u0436\u0435\u043b\u0430\u0435\u043c\u044b\u0435 \u0438\u0437\u0434\u0435\u043b\u0438\u044f. <\/p>\n\r\n\t\t<\/div>\r\n\t<\/div>\r\n<\/div><\/div><\/div><\/div><\/div><\/div><\/div><\/div><\/div><\/section><section class=\"l-section wpb_row height_large\" id=\"kontaktai\"><div class=\"l-section-h i-cf\"><div class=\"g-cols vc_row type_default valign_top\"><div class=\"vc_col-sm-12 wpb_column vc_column_container\"><div class=\"vc_column-inner\"><div class=\"wpb_wrapper\">\r\n\t<div class=\"wpb_text_column \">\r\n\t\t<div class=\"wpb_wrapper\">\r\n\t\t\t<h2 style=\"text-align: center;\">\u041d\u0410\u0428\u0418 \u041a\u041e\u041d\u0422\u0410\u041a\u0422\u042b<\/h2>\n\r\n\t\t<\/div>\r\n\t<\/div>\r\n<div class=\"w-separator type_short size_medium thick_1 style_solid color_border cont_icon\"><span class=\"w-separator-h\"><i class=\"fa fa-angle-down\"><\/i><\/span><\/div><div class=\"g-cols wpb_row type_default valign_top vc_inner \"><div class=\"vc_col-sm-6 wpb_column vc_column_container\"><div class=\"vc_column-inner\"><div class=\"wpb_wrapper\">\r\n\t<div class=\"wpb_text_column \">\r\n\t\t<div class=\"wpb_wrapper\">\r\n\t\t\t<h4>\u041d\u0430\u0448\u0438\u00a0\u043a\u043e\u043d\u0442\u0430\u043a\u0442\u044b<\/h4>\n\r\n\t\t<\/div>\r\n\t<\/div>\r\n<div class=\"w-contacts\"><div class=\"w-contacts-list\"><div class=\"w-contacts-item for_address\"><span class=\"w-contacts-item-value\">Kuti\u0161ki\u0173 vs. 3, Alov\u0117s sen., LT-64117 Alytaus r.<\/span><\/div><div class=\"w-contacts-item for_phone\"><span class=\"w-contacts-item-value\">+370 650 66424, +370 612 25335<\/span><\/div><div class=\"w-contacts-item for_email\"><span class=\"w-contacts-item-value\"><a href=\"mailto:ratena1@gmail.com\">ratena1@gmail.com<\/a><\/span><\/div><\/div><\/div><div class=\"w-separator type_invisible size_medium thick_1 style_solid color_border cont_none\"><span class=\"w-separator-h\"><\/span><\/div><div class=\"w-map\" id=\"us_map_1\" style=\"height: 350px\"><div class=\"w-map-h\"><\/div><div class=\"w-map-json\" onclick='return {&quot;latitude&quot;:&quot;54.345498&quot;,&quot;longitude&quot;:&quot;24.170592&quot;,&quot;markers&quot;:[{&quot;latitude&quot;:&quot;54.345498&quot;,&quot;longitude&quot;:&quot;24.170592&quot;,&quot;html&quot;:&quot;\\u0417\\u0410\\u041e \\&quot;\\u0420\\u0430\\u0442\\u0435\\u043d\\u0430\\&quot;&quot;,&quot;infowindow&quot;:false}],&quot;zoom&quot;:15,&quot;maptype&quot;:&quot;ROADMAP&quot;,&quot;height&quot;:&quot;350&quot;,&quot;disableZoom&quot;:true}'><\/div><div class=\"w-map-style-json\" onclick='return [\n    {\n        \"featureType\": \"landscape\",\n        \"stylers\": [\n            {\n                \"saturation\": -100\n            },\n            {\n                \"lightness\": 65\n            },\n            {\n                \"visibility\": \"on\"\n            }\n        ]\n    },\n    {\n        \"featureType\": \"poi\",\n        \"stylers\": [\n            {\n                \"saturation\": -100\n            },\n            {\n                \"lightness\": 51\n            },\n            {\n                \"visibility\": \"simplified\"\n            }\n        ]\n    },\n    {\n        \"featureType\": \"road.highway\",\n        \"stylers\": [\n            {\n                \"saturation\": -100\n            },\n            {\n                \"visibility\": \"simplified\"\n            }\n        ]\n    },\n    {\n        \"featureType\": \"road.arterial\",\n        \"stylers\": [\n            {\n                \"saturation\": -100\n            },\n            {\n                \"lightness\": 30\n            },\n            {\n                \"visibility\": \"on\"\n            }\n        ]\n    },\n    {\n        \"featureType\": \"road.local\",\n        \"stylers\": [\n            {\n                \"saturation\": -100\n            },\n            {\n                \"lightness\": 40\n            },\n            {\n                \"visibility\": \"on\"\n            }\n        ]\n    },\n    {\n        \"featureType\": \"transit\",\n        \"stylers\": [\n            {\n                \"saturation\": -100\n            },\n            {\n                \"visibility\": \"simplified\"\n            }\n        ]\n    },\n    {\n        \"featureType\": \"administrative.province\",\n        \"stylers\": [\n            {\n                \"visibility\": \"off\"\n            }\n        ]\n    },\n    {\n        \"featureType\": \"water\",\n        \"elementType\": \"labels\",\n        \"stylers\": [\n            {\n                \"visibility\": \"on\"\n            },\n            {\n                \"lightness\": -25\n            },\n            {\n                \"saturation\": -100\n            }\n        ]\n    },\n    {\n        \"featureType\": \"water\",\n        \"elementType\": \"geometry\",\n        \"stylers\": [\n            {\n                \"hue\": \"#ffff00\"\n            },\n            {\n                \"lightness\": -25\n            },\n            {\n                \"saturation\": -97\n            }\n        ]\n    }\n]'><\/div><\/div><\/div><\/div><\/div><div class=\"vc_col-sm-6 wpb_column vc_column_container\"><div class=\"vc_column-inner\"><div class=\"wpb_wrapper\">\r\n\t<div class=\"wpb_text_column \">\r\n\t\t<div class=\"wpb_wrapper\">\r\n\t\t\t<h4>\u041f\u0440\u0438\u0448\u043b\u0438\u0442\u0435 \u043d\u0430\u043c \u043a\u043e\u0440\u043e\u0442\u043a\u043e\u0435 \u0441\u043e\u043e\u0431\u0449\u0435\u043d\u0438\u0435<\/h4>\n<p>\u0415\u0441\u043b\u0438 \u0443 \u0432\u0430\u0441 \u0432\u043e\u0437\u043d\u0438\u043a\u043b\u0438 \u0434\u043e\u043f\u043e\u043b\u043d\u0438\u0442\u0435\u043b\u044c\u043d\u044b\u0435 \u0432\u043e\u043f\u0440\u043e\u0441\u044b \u043e \u043f\u0440\u0435\u0434\u043e\u0441\u0442\u0430\u0432\u043b\u044f\u0435\u043c\u044b\u0445 \u043d\u0430\u043c\u0438 \u0443\u0441\u043b\u0443\u0433\u0430\u0445, \u043f\u0440\u0438\u0448\u043b\u0438\u0442\u0435 \u043d\u0430\u043c \u0441\u0432\u043e\u0439 \u0437\u0430\u043f\u0440\u043e\u0441 \u0438 \u043c\u044b \u0441 \u0432\u0430\u043c\u0438 \u0441\u0432\u044f\u0436\u0435\u043c\u0441\u044f \u043a\u0430\u043a \u043c\u043e\u0436\u043d\u043e \u0431\u044b\u0441\u0442\u0440\u0435\u0435. \u0414\u043b\u044f \u0441\u0432\u044f\u0437\u0438 \u0441 \u043d\u0430\u043c\u0438 \u043d\u0435 \u0437\u0430\u0431\u0443\u0434\u044c\u0442\u0435 \u0437\u0430\u043f\u043e\u043b\u043d\u0438\u0442\u044c \u043d\u0435\u043e\u0431\u0445\u043e\u0434\u0438\u043c\u044b\u0435 \u043f\u043e\u043b\u044f. \u0411\u043b\u0430\u0433\u043e\u0434\u0430\u0440\u0438\u043c. <\/p>\n\r\n\t\t<\/div>\r\n\t<\/div>\r\n<div class=\"w-form for_cform align_left\" id=\"us_form_1\">\r\n\t<form class=\"w-form-h\" autocomplete=\"off\" action=\"https:\/\/ratena.lt\/ru\/wp-json\/wp\/v2\/pages\/177\" method=\"post\">\r\n\t\t\t\t\t\t\t<div class=\"w-form-row for_name required\">\r\n\t<div class=\"w-form-row-label\">\r\n\t\t<label for=\"us_form_1_name\"><\/label>\r\n\t<\/div>\r\n\t<div class=\"w-form-row-field\">\r\n\t\t\t\t<input type=\"text\" name=\"name\" id=\"us_form_1_name\" value=\"\"\r\n\t\t\t   placeholder=\"Name *\" data-required=\"true\" aria-required=\"true\"\/>\r\n\t\t<span class=\"w-form-row-field-bar\"><\/span>\r\n\t\t\t<\/div>\r\n\t<div class=\"w-form-row-state\"><\/div>\r\n\t<\/div>\r\n\t\t\t\t\t<div class=\"w-form-row for_email required\">\r\n\t<div class=\"w-form-row-label\">\r\n\t\t<label for=\"us_form_1_email\"><\/label>\r\n\t<\/div>\r\n\t<div class=\"w-form-row-field\">\r\n\t\t\t\t<input type=\"email\" name=\"email\" id=\"us_form_1_email\" value=\"\"\r\n\t\t\t   placeholder=\"Email *\" data-required=\"true\" aria-required=\"true\"\/>\r\n\t\t<span class=\"w-form-row-field-bar\"><\/span>\r\n\t\t\t<\/div>\r\n\t<div class=\"w-form-row-state\"><\/div>\r\n\t<\/div>\r\n\t\t\t\t\t<div class=\"w-form-row for_phone\">\r\n\t<div class=\"w-form-row-label\">\r\n\t\t<label for=\"us_form_1_phone\"><\/label>\r\n\t<\/div>\r\n\t<div class=\"w-form-row-field\">\r\n\t\t\t\t<input type=\"text\" name=\"phone\" id=\"us_form_1_phone\" value=\"\"\r\n\t\t\t   placeholder=\"Telefono numeris\"\/>\r\n\t\t<span class=\"w-form-row-field-bar\"><\/span>\r\n\t\t\t<\/div>\r\n\t<div class=\"w-form-row-state\"><\/div>\r\n\t<\/div>\r\n\t\t\t\t\t<div class=\"w-form-row for_message required\">\r\n\t<div class=\"w-form-row-label\">\r\n\t\t<label for=\"us_form_1_message\"><\/label>\r\n\t<\/div>\r\n\t<div class=\"w-form-row-field\">\r\n\t\t\t\t<textarea name=\"message\" id=\"us_form_1_message\" cols=\"30\" rows=\"10\" placeholder=\"\u0422\u0435\u043a\u0441\u0442 \u0441\u043e\u043e\u0431\u0449\u0435\u043d\u0438\u044f *\"\r\n\t\t\t data-required=\"true\" aria-required=\"true\"><\/textarea>\r\n\t\t<span class=\"w-form-row-field-bar\"><\/span>\r\n\t\t\t<\/div>\r\n\t<div class=\"w-form-row-state\"><\/div>\r\n\t<\/div>\r\n\t\t\t\t\t<div class=\"w-form-row for_captcha required\">\r\n\t<div class=\"w-form-row-label\">\r\n\t\t<label for=\"us_form_1_captcha\">\u0414\u043e\u043a\u0430\u0436\u0438\u0442\u0435, \u0447\u0442\u043e \u0432\u044b \u0447\u0435\u043b\u043e\u0432\u0435\u043a, \u0440\u0435\u0448\u0438\u0442\u0435 \u0443\u0440\u0430\u0432\u043d\u0435\u043d\u0438\u0435:<span>24 + 13 = ?<\/span><\/label>\r\n\t<\/div>\r\n\t<div class=\"w-form-row-field\">\r\n\t\t\t\t<input type=\"hidden\" name=\"captcha_hash\" value=\"cd853f1db979397e2cda255a393a45b4\" \/>\r\n\t\t<input type=\"text\" name=\"captcha\" id=\"us_form_1_captcha\" value=\"\"\r\n\t\t\t   data-required=\"1\" placeholder=\"\" aria-required=\"true\" \/>\r\n\t\t<span class=\"w-form-row-field-bar\"><\/span>\r\n\t\t\t<\/div>\r\n\t<div class=\"w-form-row-state\"><\/div>\r\n\t<\/div>\r\n\t\t\t\t\t<input type=\"hidden\" name=\"action\" value=\"us_ajax_cform\" \/>\r\n\t\t\t\t\t<input type=\"hidden\" name=\"post_id\" value=\"177\" \/>\r\n\t\t\t\t\t<input type=\"hidden\" name=\"form_index\" value=\"1\" \/>\r\n\t\t\t\t\t<div class=\"w-form-row for_submit\">\r\n\t<div class=\"w-form-row-field\">\r\n\t\t<button class=\"w-btn  color_primary style_outlined\" type=\"submit\"><span class=\"g-preloader type_1\"><\/span><span class=\"w-btn-label\">\u041e\u0442\u043f\u0440\u0430\u0432\u0438\u0442\u044c<\/span><\/button>\r\n\t<\/div>\r\n<\/div>\r\n\t\t\t\t<div class=\"w-form-message\"><\/div>\r\n\t\t\t<\/form>\r\n\t\t\t<div class=\"w-form-json hidden\" onclick='return {&quot;ajaxurl&quot;:&quot;https:\\\/\\\/ratena.lt\\\/wp-admin\\\/admin-ajax.php&quot;,&quot;success&quot;:&quot;\\u0421\\u043f\\u0430\\u0441\\u0438\\u0431\\u043e! \\u0412\\u0430\\u0448\\u0435 \\u0441\\u043e\\u043e\\u0431\\u0449\\u0435\\u043d\\u0438\\u0435 \\u043e\\u0442\\u043f\\u0440\\u0430\\u0432\\u043b\\u0435\\u043d\\u043e.&quot;,&quot;errors&quot;:{&quot;name&quot;:&quot;\\u041f\\u043e\\u0436\\u0430\\u043b\\u0443\\u0439\\u0441\\u0442\\u0430, \\u0432\\u0432\\u0435\\u0434\\u0438\\u0442\\u0435 \\u0432\\u0430\\u0448\\u0435 \\u0438\\u043c\\u044f&quot;,&quot;email&quot;:&quot;Please enter a valid email address.&quot;,&quot;phone&quot;:&quot;\\u041f\\u043e\\u0436\\u0430\\u043b\\u0443\\u0439\\u0441\\u0442\\u0430, \\u0432\\u0432\\u0435\\u0434\\u0438\\u0442\\u0435 \\u0432\\u0430\\u0448 \\u043d\\u043e\\u043c\\u0435\\u0440 \\u0442\\u0435\\u043b\\u0435\\u0444\\u043e\\u043d\\u0430&quot;,&quot;message&quot;:&quot;\\u041f\\u043e\\u0436\\u0430\\u043b\\u0443\\u0439\\u0441\\u0442\\u0430, \\u0432\\u0432\\u0435\\u0434\\u0438\\u0442\\u0435 \\u0442\\u0435\\u043a\\u0441\\u0442 \\u0441\\u043e\\u043e\\u0431\\u0449\\u0435\\u043d\\u0438\\u044f&quot;,&quot;captcha&quot;:&quot;\\u041f\\u043e\\u0436\\u0430\\u043b\\u0443\\u0439\\u0441\\u0442\\u0430, \\u0432\\u0432\\u0435\\u0434\\u0438\\u0442\\u0435 \\u043f\\u0440\\u0430\\u0432\\u0438\\u043b\\u044c\\u043d\\u044b\\u0439 \\u043e\\u0442\\u0432\\u0435\\u0442&quot;}}'><\/div>\r\n\t<\/div>\r\n<\/div><\/div><\/div><\/div><\/div><\/div><\/div><\/div><\/div><\/section>\n","protected":false},"excerpt":{"rendered":"[rev_slider_vc alias=\"lentpjuve-ru\"] O HAC \u00a0\u0417\u0410\u041e \"\u0420\u0430\u0442\u0435\u043d\u0430\" \u0437\u0430\u043d\u0438\u043c\u0430\u0435\u0442\u0441\u044f \u0434\u0435\u044f\u0442\u0435\u043b\u044c\u043d\u043e\u0441\u0442\u044c\u044e \u0432 \u0441\u0444\u0435\u0440\u0435 \u043e\u0431\u0440\u0430\u0431\u043e\u0442\u043a\u0438 \u0434\u0440\u0435\u0432\u0435\u0441\u0438\u043d\u044b \u0441 2000 \u0433. (\u0441\u043d\u0430\u0447\u0430\u043b\u0430 \u0432 \u0432\u0438\u0434\u0435 \u0438\u043d\u0434\u0438\u0432\u0438\u0434\u0443\u0430\u043b\u044c\u043d\u043e\u0433\u043e \u043f\u0440\u0435\u0434\u043f\u0440\u0438\u044f\u0442\u0438\u044f, \u0441 2012 \u0433. \u0432 \u0432\u0438\u0434\u0435 \u0417\u0410\u041e \"\u0420\u0430\u0442\u0435\u043d\u0430\"). \u041f\u0440\u0435\u0434\u043f\u0440\u0438\u044f\u0442\u0438\u0435 \u043d\u0430\u0445\u043e\u0434\u0438\u0442\u0441\u044f \u0432 \u0410\u043b\u0438\u0442\u0443\u0441\u0441\u043a\u043e\u043c \u0440\u0430\u0439\u043e\u043d\u0435, \u0433\u043e\u0440\u043e\u0434\u043e\u043a \u0410\u043b\u043e\u0432\u0435. \u0412 \u0442\u0435\u0447\u0435\u043d\u0438\u0435 \u043d\u0435\u0441\u043a\u043e\u043b\u044c\u043a\u0438\u0445 \u043b\u0435\u0442 \u043f\u0440\u0435\u0434\u043f\u0440\u0438\u044f\u0442\u0438\u0435 \u043d\u0430\u043a\u043e\u043f\u0438\u043b\u043e \u0431\u043e\u043b\u044c\u0448\u043e\u0439 \u043e\u043f\u044b\u0442 \u0432 \u0441\u0444\u0435\u0440\u0435 \u043b\u0435\u0441\u043e\u043f\u0438\u043b\u0435\u043d\u0438\u044f. \u0411\u043b\u0430\u0433\u043e\u0434\u0430\u0440\u044f \u043e\u043f\u044b\u0442\u043d\u044b\u043c \u0438 \u043f\u0440\u043e\u0444\u0435\u0441\u0441\u0438\u043e\u043d\u0430\u043b\u044c\u043d\u044b\u043c \u0441\u043e\u0442\u0440\u0443\u0434\u043d\u0438\u043a\u0430\u043c, \u043f\u0440\u0438\u043d\u0438\u043c\u0430\u044f \u0432\u043e \u0432\u043d\u0438\u043c\u0430\u043d\u0438\u0435 \u043f\u043e\u0436\u0435\u043b\u0430\u043d\u0438\u044f \u043a\u043b\u0438\u0435\u043d\u0442\u043e\u0432,...","protected":false},"author":1,"featured_media":0,"parent":0,"menu_order":0,"comment_status":"closed","ping_status":"closed","template":"elementor_header_footer","meta":{"_exactmetrics_skip_tracking":false,"_exactmetrics_sitenote_active":false,"_exactmetrics_sitenote_note":"","_exactmetrics_sitenote_category":0,"footnotes":""},"class_list":["post-177","page","type-page","status-publish","hentry"],"_links":{"self":[{"href":"https:\/\/ratena.lt\/ru\/wp-json\/wp\/v2\/pages\/177","targetHints":{"allow":["GET"]}}],"collection":[{"href":"https:\/\/ratena.lt\/ru\/wp-json\/wp\/v2\/pages"}],"about":[{"href":"https:\/\/ratena.lt\/ru\/wp-json\/wp\/v2\/types\/page"}],"author":[{"embeddable":true,"href":"https:\/\/ratena.lt\/ru\/wp-json\/wp\/v2\/users\/1"}],"replies":[{"embeddable":true,"href":"https:\/\/ratena.lt\/ru\/wp-json\/wp\/v2\/comments?post=177"}],"version-history":[{"count":5,"href":"https:\/\/ratena.lt\/ru\/wp-json\/wp\/v2\/pages\/177\/revisions"}],"predecessor-version":[{"id":265,"href":"https:\/\/ratena.lt\/ru\/wp-json\/wp\/v2\/pages\/177\/revisions\/265"}],"wp:attachment":[{"href":"https:\/\/ratena.lt\/ru\/wp-json\/wp\/v2\/media?parent=177"}],"curies":[{"name":"wp","href":"https:\/\/api.w.org\/{rel}","templated":true}]}}