{"id":176,"date":"2016-10-12T23:50:15","date_gmt":"2016-10-12T21:50:15","guid":{"rendered":"http:\/\/ratena.lt\/de\/pradinis\/"},"modified":"2017-09-06T09:19:03","modified_gmt":"2017-09-06T07:19:03","slug":"pradinis","status":"publish","type":"page","link":"https:\/\/ratena.lt\/de\/","title":{"rendered":"Pradinis"},"content":{"rendered":"<section class=\"l-section wpb_row height_auto width_full\" id=\"pradinis\"><div class=\"l-section-h i-cf\"><div class=\"g-cols vc_row type_default valign_top\"><div class=\"vc_col-sm-12 wpb_column vc_column_container\"><div class=\"vc_column-inner\"><div class=\"wpb_wrapper\">[rev_slider_vc alias=&#8221;lentpjuve-de&#8221;]<\/div><\/div><\/div><\/div><\/div><\/section><section class=\"l-section wpb_row height_medium\" id=\"apiemus\"><div class=\"l-section-h i-cf\"><div class=\"g-cols vc_row type_default valign_top\"><div class=\"vc_col-sm-12 wpb_column vc_column_container\"><div class=\"vc_column-inner\"><div class=\"wpb_wrapper\">\r\n\t<div class=\"wpb_text_column \">\r\n\t\t<div class=\"wpb_wrapper\">\r\n\t\t\t<h2 style=\"text-align: center;\">\u00dcBER UNS<\/h2>\n\r\n\t\t<\/div>\r\n\t<\/div>\r\n<div class=\"w-separator type_short size_medium thick_1 style_solid color_border cont_icon\"><span class=\"w-separator-h\"><i class=\"fa fa-angle-down\"><\/i><\/span><\/div><div class=\"g-cols wpb_row type_default valign_top vc_inner  vc_custom_1476295443222\"><div class=\"vc_col-sm-12 wpb_column vc_column_container\"><div class=\"vc_column-inner\"><div class=\"wpb_wrapper\">\r\n\t<div class=\"wpb_text_column \">\r\n\t\t<div class=\"wpb_wrapper\">\r\n\t\t\t<p style=\"text-align: center;\">UAB \u201cRatena\u201d ist im Gebiet der Holzverarbeitung seit 2000 t\u00e4tig (am Anfang als Einzelunternehmen, seit 2012 als UAB &#8220;Ratena&#8221;). Das Unternehmen befindet sich im St\u00e4dtchen Alov\u0117, in der Rajongemeinde Alytus. Im Laufe der Jahre gewann das Unternehmen umfangreiche Erfahrung im S\u00e4gewerk-Bereich. Dank der erfahrenen und professionellen Mitarbeiter f\u00fchren wir alle Auftr\u00e4ge je nach Kundenwunsch immer p\u00fcnktlich und von hoher Qualit\u00e4t aus.<\/p>\n\r\n\t\t<\/div>\r\n\t<\/div>\r\n<\/div><\/div><\/div><\/div><\/div><\/div><\/div><\/div><\/div><\/section><section class=\"l-section wpb_row height_small\" id=\"paslaugos\"><div class=\"l-section-h i-cf\"><div class=\"g-cols vc_row type_default valign_top\"><div class=\"vc_col-sm-12 wpb_column vc_column_container\"><div class=\"vc_column-inner\"><div class=\"wpb_wrapper\">\r\n\t<div class=\"wpb_text_column \">\r\n\t\t<div class=\"wpb_wrapper\">\r\n\t\t\t<h2 style=\"text-align: center;\">LEISTUNGEN<\/h2>\n\r\n\t\t<\/div>\r\n\t<\/div>\r\n<div class=\"w-separator type_short size_medium thick_1 style_solid color_border cont_icon\"><span class=\"w-separator-h\"><i class=\"fa fa-angle-down\"><\/i><\/span><\/div><div class=\"g-cols wpb_row type_default valign_top vc_inner \"><div class=\"vc_col-sm-3 wpb_column vc_column_container\"><div class=\"vc_column-inner\"><div class=\"wpb_wrapper\"><div class=\"w-image align_center\"><div class=\"w-image-h\"><img fetchpriority=\"high\" decoding=\"async\" width=\"425\" height=\"282\" src=\"https:\/\/ratena.lt\/wp-content\/uploads\/2016\/10\/medienos-pjovimas-alytus2.jpg\" class=\"attachment-full size-full\" alt=\"\" srcset=\"https:\/\/ratena.lt\/wp-content\/uploads\/2016\/10\/medienos-pjovimas-alytus2.jpg 425w, https:\/\/ratena.lt\/wp-content\/uploads\/2016\/10\/medienos-pjovimas-alytus2-300x199.jpg 300w\" sizes=\"(max-width: 425px) 100vw, 425px\" \/><\/div><\/div><div class=\"w-separator type_invisible size_small thick_1 style_solid color_border cont_none\"><span class=\"w-separator-h\"><\/span><\/div>\r\n\t<div class=\"wpb_text_column \">\r\n\t\t<div class=\"wpb_wrapper\">\r\n\t\t\t<h4>Wir schneiden Holz<\/h4>\n<p>Schnelle Schnittleistung von hoher Qualit\u00e4t und Verkauf von Holz, geeignet f\u00fcr Bau, Renovierung oder Dekoration und M\u00f6belherstellung.<\/p>\n\r\n\t\t<\/div>\r\n\t<\/div>\r\n<\/div><\/div><\/div><div class=\"vc_col-sm-3 wpb_column vc_column_container\"><div class=\"vc_column-inner\"><div class=\"wpb_wrapper\"><div class=\"w-image align_center\"><div class=\"w-image-h\"><img decoding=\"async\" width=\"425\" height=\"282\" src=\"https:\/\/ratena.lt\/wp-content\/uploads\/2016\/10\/malkos.jpg\" class=\"attachment-full size-full\" alt=\"\" srcset=\"https:\/\/ratena.lt\/wp-content\/uploads\/2016\/10\/malkos.jpg 425w, https:\/\/ratena.lt\/wp-content\/uploads\/2016\/10\/malkos-300x199.jpg 300w\" sizes=\"(max-width: 425px) 100vw, 425px\" \/><\/div><\/div><div class=\"w-separator type_invisible size_small thick_1 style_solid color_border cont_none\"><span class=\"w-separator-h\"><\/span><\/div>\r\n\t<div class=\"wpb_text_column \">\r\n\t\t<div class=\"wpb_wrapper\">\r\n\t\t\t<h4>Brennholz<\/h4>\n<p>Wir verkaufen hochwertiges Altholz und Rund- und Scheitholz, geeignet f\u00fcr Schaffung der W\u00e4rme und des Komforts zu Hause.<\/p>\n\r\n\t\t<\/div>\r\n\t<\/div>\r\n<\/div><\/div><\/div><div class=\"vc_col-sm-3 wpb_column vc_column_container\"><div class=\"vc_column-inner\"><div class=\"wpb_wrapper\"><div class=\"w-image align_center\"><div class=\"w-image-h\"><img decoding=\"async\" width=\"425\" height=\"285\" src=\"https:\/\/ratena.lt\/wp-content\/uploads\/2016\/10\/62.jpg\" class=\"attachment-full size-full\" alt=\"\" srcset=\"https:\/\/ratena.lt\/wp-content\/uploads\/2016\/10\/62.jpg 425w, https:\/\/ratena.lt\/wp-content\/uploads\/2016\/10\/62-300x201.jpg 300w\" sizes=\"(max-width: 425px) 100vw, 425px\" \/><\/div><\/div><div class=\"w-separator type_invisible size_small thick_1 style_solid color_border cont_none\"><span class=\"w-separator-h\"><\/span><\/div>\r\n\t<div class=\"wpb_text_column \">\r\n\t\t<div class=\"wpb_wrapper\">\r\n\t\t\t<h4>Wir kaufen Holz<\/h4>\n<p>St\u00e4ndig kaufen wir Nadelrundholz und steilen Wald. Wir bieten Ihnen eine Abrechnung unter g\u00fcnstigen Bedingungen.<\/p>\n\r\n\t\t<\/div>\r\n\t<\/div>\r\n<\/div><\/div><\/div><div class=\"vc_col-sm-3 wpb_column vc_column_container\"><div class=\"vc_column-inner\"><div class=\"wpb_wrapper\"><div class=\"w-image align_center\"><div class=\"w-image-h\"><img loading=\"lazy\" decoding=\"async\" width=\"425\" height=\"282\" src=\"https:\/\/ratena.lt\/wp-content\/uploads\/2016\/10\/medinos-pjovimas-alytus.jpg\" class=\"attachment-full size-full\" alt=\"\" srcset=\"https:\/\/ratena.lt\/wp-content\/uploads\/2016\/10\/medinos-pjovimas-alytus.jpg 425w, https:\/\/ratena.lt\/wp-content\/uploads\/2016\/10\/medinos-pjovimas-alytus-300x199.jpg 300w\" sizes=\"(max-width: 425px) 100vw, 425px\" \/><\/div><\/div><div class=\"w-separator type_invisible size_small thick_1 style_solid color_border cont_none\"><span class=\"w-separator-h\"><\/span><\/div>\r\n\t<div class=\"wpb_text_column \">\r\n\t\t<div class=\"wpb_wrapper\">\r\n\t\t\t<h4>Sonderbestellungen<\/h4>\n<p>Holzschneideservice. Aus dem Nadel- und Laubholz des Kunden schneiden wir gew\u00fcnschte Produkte.<\/p>\n\r\n\t\t<\/div>\r\n\t<\/div>\r\n<\/div><\/div><\/div><\/div><\/div><\/div><\/div><\/div><\/div><\/section><section class=\"l-section wpb_row height_large\" id=\"kontaktai\"><div class=\"l-section-h i-cf\"><div class=\"g-cols vc_row type_default valign_top\"><div class=\"vc_col-sm-12 wpb_column vc_column_container\"><div class=\"vc_column-inner\"><div class=\"wpb_wrapper\">\r\n\t<div class=\"wpb_text_column \">\r\n\t\t<div class=\"wpb_wrapper\">\r\n\t\t\t<h2 style=\"text-align: center;\">UNSERE KONTAKTE<\/h2>\n\r\n\t\t<\/div>\r\n\t<\/div>\r\n<div class=\"w-separator type_short size_medium thick_1 style_solid color_border cont_icon\"><span class=\"w-separator-h\"><i class=\"fa fa-angle-down\"><\/i><\/span><\/div><div class=\"g-cols wpb_row type_default valign_top vc_inner \"><div class=\"vc_col-sm-6 wpb_column vc_column_container\"><div class=\"vc_column-inner\"><div class=\"wpb_wrapper\">\r\n\t<div class=\"wpb_text_column \">\r\n\t\t<div class=\"wpb_wrapper\">\r\n\t\t\t<h4>Unsere kontakte<\/h4>\n\r\n\t\t<\/div>\r\n\t<\/div>\r\n<div class=\"w-contacts\"><div class=\"w-contacts-list\"><div class=\"w-contacts-item for_address\"><span class=\"w-contacts-item-value\">Kuti\u0161ki\u0173 vs. 3, Alov\u0117s sen., LT-64117 Alytaus r.<\/span><\/div><div class=\"w-contacts-item for_phone\"><span class=\"w-contacts-item-value\">+370 650 66424, +370 612 25335<\/span><\/div><div class=\"w-contacts-item for_email\"><span class=\"w-contacts-item-value\"><a href=\"mailto:ratena1@gmail.com\">ratena1@gmail.com<\/a><\/span><\/div><\/div><\/div><div class=\"w-separator type_invisible size_medium thick_1 style_solid color_border cont_none\"><span class=\"w-separator-h\"><\/span><\/div><div class=\"w-map\" id=\"us_map_1\" style=\"height: 350px\"><div class=\"w-map-h\"><\/div><div class=\"w-map-json\" onclick='return {&quot;latitude&quot;:&quot;54.345498&quot;,&quot;longitude&quot;:&quot;24.170592&quot;,&quot;markers&quot;:[{&quot;latitude&quot;:&quot;54.345498&quot;,&quot;longitude&quot;:&quot;24.170592&quot;,&quot;html&quot;:&quot;UAB \\&quot;Ratena\\&quot;&quot;,&quot;infowindow&quot;:false}],&quot;zoom&quot;:15,&quot;maptype&quot;:&quot;ROADMAP&quot;,&quot;height&quot;:&quot;350&quot;,&quot;disableZoom&quot;:true}'><\/div><div class=\"w-map-style-json\" onclick='return [\n    {\n        \"featureType\": \"landscape\",\n        \"stylers\": [\n            {\n                \"saturation\": -100\n            },\n            {\n                \"lightness\": 65\n            },\n            {\n                \"visibility\": \"on\"\n            }\n        ]\n    },\n    {\n        \"featureType\": \"poi\",\n        \"stylers\": [\n            {\n                \"saturation\": -100\n            },\n            {\n                \"lightness\": 51\n            },\n            {\n                \"visibility\": \"simplified\"\n            }\n        ]\n    },\n    {\n        \"featureType\": \"road.highway\",\n        \"stylers\": [\n            {\n                \"saturation\": -100\n            },\n            {\n                \"visibility\": \"simplified\"\n            }\n        ]\n    },\n    {\n        \"featureType\": \"road.arterial\",\n        \"stylers\": [\n            {\n                \"saturation\": -100\n            },\n            {\n                \"lightness\": 30\n            },\n            {\n                \"visibility\": \"on\"\n            }\n        ]\n    },\n    {\n        \"featureType\": \"road.local\",\n        \"stylers\": [\n            {\n                \"saturation\": -100\n            },\n            {\n                \"lightness\": 40\n            },\n            {\n                \"visibility\": \"on\"\n            }\n        ]\n    },\n    {\n        \"featureType\": \"transit\",\n        \"stylers\": [\n            {\n                \"saturation\": -100\n            },\n            {\n                \"visibility\": \"simplified\"\n            }\n        ]\n    },\n    {\n        \"featureType\": \"administrative.province\",\n        \"stylers\": [\n            {\n                \"visibility\": \"off\"\n            }\n        ]\n    },\n    {\n        \"featureType\": \"water\",\n        \"elementType\": \"labels\",\n        \"stylers\": [\n            {\n                \"visibility\": \"on\"\n            },\n            {\n                \"lightness\": -25\n            },\n            {\n                \"saturation\": -100\n            }\n        ]\n    },\n    {\n        \"featureType\": \"water\",\n        \"elementType\": \"geometry\",\n        \"stylers\": [\n            {\n                \"hue\": \"#ffff00\"\n            },\n            {\n                \"lightness\": -25\n            },\n            {\n                \"saturation\": -97\n            }\n        ]\n    }\n]'><\/div><\/div><\/div><\/div><\/div><div class=\"vc_col-sm-6 wpb_column vc_column_container\"><div class=\"vc_column-inner\"><div class=\"wpb_wrapper\">\r\n\t<div class=\"wpb_text_column \">\r\n\t\t<div class=\"wpb_wrapper\">\r\n\t\t\t<h4>Bitte senden Sie uns eine Nachricht<\/h4>\n<p>Wenn Sie weitere Fragen zu unseren Leistungen haben, bitte schicken Sie Ihre Anfrage an uns! Wir werden uns so schnell wie m\u00f6glich in Verbindung setzen. Um mit Ihnen in Kontakt zu kommen, vergessen Sie nicht, die notwendigen Felder auszuf\u00fcllen. Danke.<\/p>\n\r\n\t\t<\/div>\r\n\t<\/div>\r\n<div class=\"w-form for_cform align_left\" id=\"us_form_1\">\r\n\t<form class=\"w-form-h\" autocomplete=\"off\" action=\"https:\/\/ratena.lt\/de\/wp-json\/wp\/v2\/pages\/176\" method=\"post\">\r\n\t\t\t\t\t\t\t<div class=\"w-form-row for_name required\">\r\n\t<div class=\"w-form-row-label\">\r\n\t\t<label for=\"us_form_1_name\"><\/label>\r\n\t<\/div>\r\n\t<div class=\"w-form-row-field\">\r\n\t\t\t\t<input type=\"text\" name=\"name\" id=\"us_form_1_name\" value=\"\"\r\n\t\t\t   placeholder=\"Name *\" data-required=\"true\" aria-required=\"true\"\/>\r\n\t\t<span class=\"w-form-row-field-bar\"><\/span>\r\n\t\t\t<\/div>\r\n\t<div class=\"w-form-row-state\"><\/div>\r\n\t<\/div>\r\n\t\t\t\t\t<div class=\"w-form-row for_email required\">\r\n\t<div class=\"w-form-row-label\">\r\n\t\t<label for=\"us_form_1_email\"><\/label>\r\n\t<\/div>\r\n\t<div class=\"w-form-row-field\">\r\n\t\t\t\t<input type=\"email\" name=\"email\" id=\"us_form_1_email\" value=\"\"\r\n\t\t\t   placeholder=\"Email *\" data-required=\"true\" aria-required=\"true\"\/>\r\n\t\t<span class=\"w-form-row-field-bar\"><\/span>\r\n\t\t\t<\/div>\r\n\t<div class=\"w-form-row-state\"><\/div>\r\n\t<\/div>\r\n\t\t\t\t\t<div class=\"w-form-row for_phone\">\r\n\t<div class=\"w-form-row-label\">\r\n\t\t<label for=\"us_form_1_phone\"><\/label>\r\n\t<\/div>\r\n\t<div class=\"w-form-row-field\">\r\n\t\t\t\t<input type=\"text\" name=\"phone\" id=\"us_form_1_phone\" value=\"\"\r\n\t\t\t   placeholder=\"Telefonnummer\"\/>\r\n\t\t<span class=\"w-form-row-field-bar\"><\/span>\r\n\t\t\t<\/div>\r\n\t<div class=\"w-form-row-state\"><\/div>\r\n\t<\/div>\r\n\t\t\t\t\t<div class=\"w-form-row for_message required\">\r\n\t<div class=\"w-form-row-label\">\r\n\t\t<label for=\"us_form_1_message\"><\/label>\r\n\t<\/div>\r\n\t<div class=\"w-form-row-field\">\r\n\t\t\t\t<textarea name=\"message\" id=\"us_form_1_message\" cols=\"30\" rows=\"10\" placeholder=\"Nachricht *\"\r\n\t\t\t data-required=\"true\" aria-required=\"true\"><\/textarea>\r\n\t\t<span class=\"w-form-row-field-bar\"><\/span>\r\n\t\t\t<\/div>\r\n\t<div class=\"w-form-row-state\"><\/div>\r\n\t<\/div>\r\n\t\t\t\t\t<div class=\"w-form-row for_captcha required\">\r\n\t<div class=\"w-form-row-label\">\r\n\t\t<label for=\"us_form_1_captcha\">Bitte l\u00f6sen Sie folgende Rechnung: <span>18 - 15 = ?<\/span><\/label>\r\n\t<\/div>\r\n\t<div class=\"w-form-row-field\">\r\n\t\t\t\t<input type=\"hidden\" name=\"captcha_hash\" value=\"b869046705cb3e167f75aee10a31bf90\" \/>\r\n\t\t<input type=\"text\" name=\"captcha\" id=\"us_form_1_captcha\" value=\"\"\r\n\t\t\t   data-required=\"1\" placeholder=\"\" aria-required=\"true\" \/>\r\n\t\t<span class=\"w-form-row-field-bar\"><\/span>\r\n\t\t\t<\/div>\r\n\t<div class=\"w-form-row-state\"><\/div>\r\n\t<\/div>\r\n\t\t\t\t\t<input type=\"hidden\" name=\"action\" value=\"us_ajax_cform\" \/>\r\n\t\t\t\t\t<input type=\"hidden\" name=\"post_id\" value=\"176\" \/>\r\n\t\t\t\t\t<input type=\"hidden\" name=\"form_index\" value=\"1\" \/>\r\n\t\t\t\t\t<div class=\"w-form-row for_submit\">\r\n\t<div class=\"w-form-row-field\">\r\n\t\t<button class=\"w-btn  color_primary style_outlined\" type=\"submit\"><span class=\"g-preloader type_1\"><\/span><span class=\"w-btn-label\">Nachricht senden<\/span><\/button>\r\n\t<\/div>\r\n<\/div>\r\n\t\t\t\t<div class=\"w-form-message\"><\/div>\r\n\t\t\t<\/form>\r\n\t\t\t<div class=\"w-form-json hidden\" onclick='return {&quot;ajaxurl&quot;:&quot;https:\\\/\\\/ratena.lt\\\/wp-admin\\\/admin-ajax.php&quot;,&quot;success&quot;:&quot;Danke! Ihre Nachricht wurde versendet.&quot;,&quot;errors&quot;:{&quot;name&quot;:&quot;Bitte geben Sie Ihren Namen ein.&quot;,&quot;email&quot;:&quot;Please enter a valid email address.&quot;,&quot;phone&quot;:&quot;Bitte geben Sie eine Telefonnummer ein.&quot;,&quot;message&quot;:&quot;Bitte geben Sie eine Nachricht ein.&quot;,&quot;captcha&quot;:&quot;Bitte geben Sie das Ergebnis ein&quot;}}'><\/div>\r\n\t<\/div>\r\n<\/div><\/div><\/div><\/div><\/div><\/div><\/div><\/div><\/div><\/section>\n","protected":false},"excerpt":{"rendered":"[rev_slider_vc alias=\"lentpjuve-de\"] \u00dcBER UNS UAB \u201cRatena\u201d ist im Gebiet der Holzverarbeitung seit 2000 t\u00e4tig (am Anfang als Einzelunternehmen, seit 2012 als UAB \"Ratena\"). Das Unternehmen befindet sich im St\u00e4dtchen Alov\u0117, in der Rajongemeinde Alytus. Im Laufe der Jahre gewann das Unternehmen umfangreiche Erfahrung im S\u00e4gewerk-Bereich. Dank der erfahrenen und professionellen Mitarbeiter f\u00fchren wir alle Auftr\u00e4ge...","protected":false},"author":1,"featured_media":0,"parent":0,"menu_order":0,"comment_status":"closed","ping_status":"closed","template":"elementor_header_footer","meta":{"_exactmetrics_skip_tracking":false,"_exactmetrics_sitenote_active":false,"_exactmetrics_sitenote_note":"","_exactmetrics_sitenote_category":0,"footnotes":""},"class_list":["post-176","page","type-page","status-publish","hentry"],"_links":{"self":[{"href":"https:\/\/ratena.lt\/de\/wp-json\/wp\/v2\/pages\/176","targetHints":{"allow":["GET"]}}],"collection":[{"href":"https:\/\/ratena.lt\/de\/wp-json\/wp\/v2\/pages"}],"about":[{"href":"https:\/\/ratena.lt\/de\/wp-json\/wp\/v2\/types\/page"}],"author":[{"embeddable":true,"href":"https:\/\/ratena.lt\/de\/wp-json\/wp\/v2\/users\/1"}],"replies":[{"embeddable":true,"href":"https:\/\/ratena.lt\/de\/wp-json\/wp\/v2\/comments?post=176"}],"version-history":[{"count":5,"href":"https:\/\/ratena.lt\/de\/wp-json\/wp\/v2\/pages\/176\/revisions"}],"predecessor-version":[{"id":264,"href":"https:\/\/ratena.lt\/de\/wp-json\/wp\/v2\/pages\/176\/revisions\/264"}],"wp:attachment":[{"href":"https:\/\/ratena.lt\/de\/wp-json\/wp\/v2\/media?parent=176"}],"curies":[{"name":"wp","href":"https:\/\/api.w.org\/{rel}","templated":true}]}}